{"id":628,"date":"2023-11-29T19:33:37","date_gmt":"2023-11-29T18:33:37","guid":{"rendered":"https:\/\/www.elcaudelunicorn.com\/?page_id=628"},"modified":"2024-01-16T11:11:33","modified_gmt":"2024-01-16T10:11:33","slug":"inicio","status":"publish","type":"page","link":"https:\/\/www.elcaudelunicorn.com\/ca\/","title":{"rendered":"Inici"},"content":{"rendered":"\r\n\t\t<div  class=\"block-ba1c5ef5-0abb-4341-9034-af09fbbb9ba8 areoi-element width-100 mb-5\">\r\n\t\t\t\r\n\t\t\t\n\r\n\t\t<div  class=\"block-d5a90112-d79d-42f8-80e2-22178b7770df row areoi-element gx-0 row-banner\">\r\n\t\t\t\r\n\r\n\t\t\t\n\r\n\t\t<div  class=\"block-e5211aea-1ca2-4d5e-b595-ccd4226cfe7b col areoi-element col-4\">\r\n\t\t\t\r\n\t\t\t\n\r\n\t\t<div  class=\"block-f8296d15-1392-46c0-9914-bf29bd3caa41 areoi-element h-100 box-multi\">\r\n\t\t\t\r\n\t\t\t\n\n<figure class=\"wp-block-image size-full mb-0 zi-1020\"><img loading=\"lazy\" decoding=\"async\" width=\"390\" height=\"317\" src=\"https:\/\/www.elcaudelunicorn.com\/wp-content\/uploads\/2024\/01\/unilogo.png\" alt=\"\" class=\"wp-image-448\" srcset=\"https:\/\/www.elcaudelunicorn.com\/wp-content\/uploads\/2024\/01\/unilogo.png 390w, https:\/\/www.elcaudelunicorn.com\/wp-content\/uploads\/2024\/01\/unilogo-300x244.png 300w\" sizes=\"(max-width: 390px) 100vw, 390px\" \/><\/figure>\n\n\n\r\n\t\t<div  class=\"block-91356f58-b557-4e0e-b419-d8e3ae5a267e areoi-element bar-green2\">\r\n\t\t\t\r\n\t\t\t\r\n\t\t\t \r\n\t\t<\/div>\r\n\t\n\r\n\t\t\t \r\n\t\t<\/div>\r\n\t\n \r\n\t\t\t\r\n\t\t<\/div>\r\n\t\n\n\r\n\t\t<div  class=\"block-2d2dc84d-4daf-43ed-b624-86561c0351e5 col areoi-element order-mobile col-8\">\r\n\t\t\t\r\n\t\t\t\n\n<figure class=\"wp-block-image size-full mb-0\"><img loading=\"lazy\" decoding=\"async\" width=\"2560\" height=\"1667\" src=\"https:\/\/www.elcaudelunicorn.com\/wp-content\/uploads\/2023\/12\/obra-Akashia-1-scaled.jpg\" alt=\"\" class=\"wp-image-270\" style=\"aspect-ratio:16\/9;object-fit:cover\" srcset=\"https:\/\/www.elcaudelunicorn.com\/wp-content\/uploads\/2023\/12\/obra-Akashia-1-scaled.jpg 2560w, https:\/\/www.elcaudelunicorn.com\/wp-content\/uploads\/2023\/12\/obra-Akashia-1-300x195.jpg 300w, https:\/\/www.elcaudelunicorn.com\/wp-content\/uploads\/2023\/12\/obra-Akashia-1-1024x667.jpg 1024w, https:\/\/www.elcaudelunicorn.com\/wp-content\/uploads\/2023\/12\/obra-Akashia-1-768x500.jpg 768w, https:\/\/www.elcaudelunicorn.com\/wp-content\/uploads\/2023\/12\/obra-Akashia-1-1536x1000.jpg 1536w, https:\/\/www.elcaudelunicorn.com\/wp-content\/uploads\/2023\/12\/obra-Akashia-1-2048x1333.jpg 2048w\" sizes=\"(max-width: 2560px) 100vw, 2560px\" \/><\/figure>\n\n \r\n\t\t\t\r\n\t\t<\/div>\r\n\t\n \r\n\t\t<\/div>\r\n\t\n\r\n\t\t\t \r\n\t\t<\/div>\r\n\t\n\n\r\n\t\t<div  class=\"block-43fcd9c3-7494-4781-9e10-e228604238e4 areoi-element mb-5\">\r\n\t\t\t\r\n\t\t\t\n\r\n\t\t<div  class=\"block-6aa2019f-adc4-4f41-8c56-06f47f019dab row areoi-element gy-4\">\r\n\t\t\t\r\n\r\n\t\t\t\n\r\n\t\t<div  class=\"block-10cf20ae-541d-4129-8bfe-62354e34d017 col areoi-element col-12 col-sm-12 col-md-12 col-lg-6 col-xl-5 order-3\">\r\n\t\t\t\r\n\t\t\t\n\n<p class=\"text-end pb-4\">Som una Companyia de Teatre per a tots els P\u00fablics que treballa en totes les fases de la <strong style=\"COLOR:black;\">creaci\u00f3<\/strong> d&#8217;un espectacle:<br>textos, m\u00fasiques, can\u00e7ons, dissenys i construcci\u00f3 de les marionetes i escenografia&#8230;<\/p>\n\n \r\n\t\t\t\r\n\t\t<\/div>\r\n\t\n\n\r\n\t\t<div  class=\"block-9dacb666-9fdb-4aa9-8bb0-5a80c784c92b col areoi-element col-1 col-sm-1 col-md-1 col-lg-2 col-xl-3\">\r\n\t\t\t\r\n\t\t\t \r\n\t\t\t\r\n\t\t<\/div>\r\n\t\n\n\r\n\t\t<div  class=\"block-d8b97393-1d8c-4052-a09c-b3a0bdacb378 col areoi-element col-11 col-sm-11 col-md-11 col-lg-4 col-xl-4\">\r\n\t\t\t\r\n\t\t\t\n\n<h1 class=\"wp-block-heading has-text-align-center fs-24 mb-0 title title-line-center h2\">COMPANYIA DE TEATRE FAMILIAR<\/h1>\n\n \r\n\t\t\t\r\n\t\t<\/div>\r\n\t\n \r\n\t\t<\/div>\r\n\t\n\r\n\t\t\t \r\n\t\t<\/div>\r\n\t\n\n\r\n\t\t<div  class=\"block-a71b93a5-24f5-45ba-b938-1352ea28dbe8 areoi-element mb-5\">\r\n\t\t\t\r\n\t\t\t\n\r\n\t\t<div  class=\"block-7ea0957a-2309-42dc-b99a-202e155fa6aa areoi-element box-home1 text-justify\">\r\n\t\t\t\r\n\t\t\t\n\r\n\t\t<div  class=\"block-9d057941-312d-46d4-85a5-5fe212660c39 row areoi-element row-mobile\">\r\n\t\t\t\r\n\r\n\t\t\t\n\r\n\t\t<div  class=\"block-5d0a9c7c-3c4d-47c0-b65e-f97f7326a193 col areoi-element col-8\">\r\n\t\t\t\r\n\t\t\t\n\n<figure class=\"wp-block-image size-full mb-4\"><img loading=\"lazy\" decoding=\"async\" width=\"1021\" height=\"602\" src=\"https:\/\/www.elcaudelunicorn.com\/wp-content\/uploads\/2024\/01\/compania_teatro_familiar_espectaculos.jpg\" alt=\"\" class=\"wp-image-470\" srcset=\"https:\/\/www.elcaudelunicorn.com\/wp-content\/uploads\/2024\/01\/compania_teatro_familiar_espectaculos.jpg 1021w, https:\/\/www.elcaudelunicorn.com\/wp-content\/uploads\/2024\/01\/compania_teatro_familiar_espectaculos-300x177.jpg 300w, https:\/\/www.elcaudelunicorn.com\/wp-content\/uploads\/2024\/01\/compania_teatro_familiar_espectaculos-768x453.jpg 768w\" sizes=\"(max-width: 1021px) 100vw, 1021px\" \/><\/figure>\n\n \r\n\t\t\t\r\n\t\t<\/div>\r\n\t\n\n\r\n\t\t<div  class=\"block-017309d1-2aee-48a9-bf64-0abb1b212d97 col areoi-element col-4\">\r\n\t\t\t\r\n\t\t\t\n\r\n\t\t<div  class=\"block-896ea37e-facb-443d-986f-476ea26d0ffa areoi-element center h-100 py-5 pe-3\">\r\n\t\t\t\r\n\t\t\t\n\n<p>Els Directors de la companyia som uns somiadors que vam decidir el 1994 crear la classe d&#8217;espectacles que ens hagu\u00e9s agradat gaudir quan \u00e9rem nens, sense estalviar esfor\u00e7os de tota mena per fer-ho possible, mantenint al cap dels anys la il\u00b7lusi\u00f3 del primer dia.<\/p>\n\n\n\r\n\t\t\t\t\r\n\t\t<a \r\n\t\t\t\r\n\t\t\tclass=\"block-4978b5e9-7e39-4323-81b4-e081c69d4911 btn areoi-has-url position-relative btn-more btn-tobottom btn-light\"\r\n\t >\r\n\t\t\t\t\t\r\n\t\t\t\t\tM\u00c9S INFORMACI\u00d3 \r\n\t\t\t\t\t\r\n\t\t\t\t\t \r\n\t\t\t\t<\/a>\r\n\t\t\t\n\r\n\t\t\t \r\n\t\t<\/div>\r\n\t\n \r\n\t\t\t\r\n\t\t<\/div>\r\n\t\n \r\n\t\t<\/div>\r\n\t\n\r\n\t\t\t\r\n\t\t\t<a class=\"areoi-full-link\"\r\n\t\t href=\"https:\/\/www.elcaudelunicorn.com\/quienes-somos\/\"><\/a> \r\n\t\t<\/div>\r\n\t\n\r\n\t\t\t \r\n\t\t<\/div>\r\n\t\n\n\r\n\t\t<div  class=\"block-9d0995c7-d486-4852-9061-7751c8996b98 areoi-element title-line-start mb-5\">\r\n\t\t\t\r\n\t\t\t\n\r\n\t\t<div  class=\"block-4c1930a7-d7ed-4d52-bcce-8f41cc18ad37 areoi-element d-table\">\r\n\t\t\t\r\n\t\t\t\n\n<h2 class=\"wp-block-heading title\">ESPECTacles<\/h2>\n\n\r\n\t\t\t \r\n\t\t<\/div>\r\n\t\n\r\n\t\t\t \r\n\t\t<\/div>\r\n\t\n\n\r\n\t\t<div  class=\"block-eabb3bf1-f1be-412e-b6aa-d66a86157561 areoi-element mb-5\">\r\n\t\t\t\r\n\t\t\t\n\r\n\t\t<div  class=\"block-b11986ef-85f0-4c20-8b3f-90242ab9cbe3 row areoi-element row-mobile row-espec\">\r\n\t\t\t\r\n\r\n\t\t\t\n\r\n\t\t<div  class=\"block-7b951be3-f2d1-4c9e-8391-267ff617f826 col areoi-element col-4\">\r\n\t\t\t\r\n\t\t\t\n\r\n\t\t<div  class=\"block-17e9124f-3b15-40fb-925d-927fb2bb1f4d areoi-element center h-100 pe-xl-5\">\r\n\t\t\t\r\n\t\t\t\n\n<h3 class=\"wp-block-heading title mb-0\">AKASHIA<\/h3>\n\n\n\n<p class=\"mb-5\">El viatge de la llum<\/p>\n\n\n\n<p class=\"mb-5\">Va n\u00e9ixer al clarejar\u2026Quan el seu pare la va tenir als bra\u00e7os per primera vegada, es va acostar a la finestra per veure-la millor i el primer raig de Sol del dia va incidir sobre la petita i la va banyar en llum\u2026<\/p>\n\n\n\r\n\t\t\t\t\r\n\t\t<a \r\n\t\t\t\r\n\t\t\tclass=\"block-ad1d64ac-a493-422f-9e53-2098b24bfce0 btn areoi-has-url position-relative btn-more btn-outline-dark\"\r\n\t href=\"https:\/\/www.elcaudelunicorn.com\/ca\/espectacles\/#akashia\" >\r\n\t\t\t\t\t\r\n\t\t\t\t\tM\u00c9S INFORMACI\u00d3 \r\n\t\t\t\t\t\r\n\t\t\t\t\t \r\n\t\t\t\t<\/a>\r\n\t\t\t\n\r\n\t\t\t \r\n\t\t<\/div>\r\n\t\n \r\n\t\t\t\r\n\t\t<\/div>\r\n\t\n\n\r\n\t\t<div  class=\"block-5ac350b8-941b-4408-a243-1397dae75e32 col areoi-element order-mobile col-8\">\r\n\t\t\t\r\n\t\t\t\n\r\n\t\t<div  class=\"block-a265f4c7-b7a2-4fa9-94ad-5682c09e2a1c areoi-element box-home2 ps-5 pb-4\">\r\n\t\t\t\r\n\t\t\t\n\n<figure class=\"wp-block-image size-full mb-0\"><img loading=\"lazy\" decoding=\"async\" width=\"2030\" height=\"1184\" src=\"https:\/\/www.elcaudelunicorn.com\/wp-content\/uploads\/2023\/12\/FOTO-AKASHIA-4-1-1.jpg\" alt=\"\" class=\"wp-image-293\" srcset=\"https:\/\/www.elcaudelunicorn.com\/wp-content\/uploads\/2023\/12\/FOTO-AKASHIA-4-1-1.jpg 2030w, https:\/\/www.elcaudelunicorn.com\/wp-content\/uploads\/2023\/12\/FOTO-AKASHIA-4-1-1-300x175.jpg 300w, https:\/\/www.elcaudelunicorn.com\/wp-content\/uploads\/2023\/12\/FOTO-AKASHIA-4-1-1-1024x597.jpg 1024w, https:\/\/www.elcaudelunicorn.com\/wp-content\/uploads\/2023\/12\/FOTO-AKASHIA-4-1-1-768x448.jpg 768w, https:\/\/www.elcaudelunicorn.com\/wp-content\/uploads\/2023\/12\/FOTO-AKASHIA-4-1-1-1536x896.jpg 1536w\" sizes=\"(max-width: 2030px) 100vw, 2030px\" \/><\/figure>\n\n\r\n\t\t\t \r\n\t\t<\/div>\r\n\t\n \r\n\t\t\t\r\n\t\t<\/div>\r\n\t\n \r\n\t\t<\/div>\r\n\t\n\r\n\t\t\t \r\n\t\t<\/div>\r\n\t\n\n\r\n\t\t<div  class=\"block-e3eae3a5-1e49-4c83-b479-680f99849781 areoi-element sep mb-5\">\r\n\t\t\t\r\n\t\t\t\r\n\t\t\t \r\n\t\t<\/div>\r\n\t\n\n\r\n\t\t<div  class=\"block-eabb3bf1-f1be-412e-b6aa-d66a86157561 areoi-element mb-5\">\r\n\t\t\t\r\n\t\t\t\n\r\n\t\t<div  class=\"block-b11986ef-85f0-4c20-8b3f-90242ab9cbe3 row areoi-element row-mobile row-espec\">\r\n\t\t\t\r\n\r\n\t\t\t\n\r\n\t\t<div  class=\"block-5ac350b8-941b-4408-a243-1397dae75e32 col areoi-element col-8\">\r\n\t\t\t\r\n\t\t\t\n\r\n\t\t<div  class=\"block-a265f4c7-b7a2-4fa9-94ad-5682c09e2a1c areoi-element box-home2 pe-5 pb-4\">\r\n\t\t\t\r\n\t\t\t\n\n<figure class=\"wp-block-image size-full mb-0\"><img loading=\"lazy\" decoding=\"async\" width=\"2560\" height=\"1685\" src=\"https:\/\/www.elcaudelunicorn.com\/wp-content\/uploads\/2023\/12\/Foto-de-cabecera-obra-EL-FANTASMA-MENTIROSO-scaled.jpg\" alt=\"\" class=\"wp-image-324\" srcset=\"https:\/\/www.elcaudelunicorn.com\/wp-content\/uploads\/2023\/12\/Foto-de-cabecera-obra-EL-FANTASMA-MENTIROSO-scaled.jpg 2560w, https:\/\/www.elcaudelunicorn.com\/wp-content\/uploads\/2023\/12\/Foto-de-cabecera-obra-EL-FANTASMA-MENTIROSO-300x198.jpg 300w, https:\/\/www.elcaudelunicorn.com\/wp-content\/uploads\/2023\/12\/Foto-de-cabecera-obra-EL-FANTASMA-MENTIROSO-1024x674.jpg 1024w, https:\/\/www.elcaudelunicorn.com\/wp-content\/uploads\/2023\/12\/Foto-de-cabecera-obra-EL-FANTASMA-MENTIROSO-768x506.jpg 768w, https:\/\/www.elcaudelunicorn.com\/wp-content\/uploads\/2023\/12\/Foto-de-cabecera-obra-EL-FANTASMA-MENTIROSO-1536x1011.jpg 1536w, https:\/\/www.elcaudelunicorn.com\/wp-content\/uploads\/2023\/12\/Foto-de-cabecera-obra-EL-FANTASMA-MENTIROSO-2048x1348.jpg 2048w\" sizes=\"(max-width: 2560px) 100vw, 2560px\" \/><\/figure>\n\n\r\n\t\t\t \r\n\t\t<\/div>\r\n\t\n \r\n\t\t\t\r\n\t\t<\/div>\r\n\t\n\n\r\n\t\t<div  class=\"block-7b951be3-f2d1-4c9e-8391-267ff617f826 col areoi-element col-4\">\r\n\t\t\t\r\n\t\t\t\n\r\n\t\t<div  class=\"block-17e9124f-3b15-40fb-925d-927fb2bb1f4d areoi-element center h-100 end ps-xl-5\">\r\n\t\t\t\r\n\t\t\t\n\n<h3 class=\"wp-block-heading has-text-align-right title mb-5\">EL FANTASMA<br>mentider<\/h3>\n\n\n\n<p class=\"mb-5\">Les coses no sempre s\u00f3n el que semblen ser\u2026 Les faules actuals que componen aquesta obra s\u00f3n un cant a la toler\u00e0ncia. Les situacions es compliquen a causa dels malentesos ocasionats pels prejudicis, per despr\u00e9s clarificar-se i resoldre&#8217;s de la manera m\u00e9s inesperada:<\/p>\n\n\n\r\n\t\t\t\t\r\n\t\t<a \r\n\t\t\t\r\n\t\t\tclass=\"block-ad1d64ac-a493-422f-9e53-2098b24bfce0 btn areoi-has-url position-relative btn-more btn-outline-dark\"\r\n\t href=\"https:\/\/www.elcaudelunicorn.com\/espectaculos\/#fantasma\" >\r\n\t\t\t\t\t\r\n\t\t\t\t\tM\u00c9S INFORMACI\u00d3 \r\n\t\t\t\t\t\r\n\t\t\t\t\t \r\n\t\t\t\t<\/a>\r\n\t\t\t\n\r\n\t\t\t \r\n\t\t<\/div>\r\n\t\n \r\n\t\t\t\r\n\t\t<\/div>\r\n\t\n \r\n\t\t<\/div>\r\n\t\n\r\n\t\t\t \r\n\t\t<\/div>\r\n\t\n\n\r\n\t\t<div  class=\"block-854ac734-e9cd-415a-9fea-02243b280e30 areoi-element sep sep-der mb-5\">\r\n\t\t\t\r\n\t\t\t\r\n\t\t\t \r\n\t\t<\/div>\r\n\t\n\n\r\n\t\t<div  class=\"block-43884ccc-32e4-49ff-bc1e-79e7934effc3 areoi-element mb-5\">\r\n\t\t\t\r\n\t\t\t\n\r\n\t\t<div  class=\"block-2670961b-b866-4942-baa9-a59ea76a52e9 row areoi-element row-mobile row-espec\">\r\n\t\t\t\r\n\r\n\t\t\t\n\r\n\t\t<div  class=\"block-7b951be3-f2d1-4c9e-8391-267ff617f826 col areoi-element col-4\">\r\n\t\t\t\r\n\t\t\t\n\r\n\t\t<div  class=\"block-17e9124f-3b15-40fb-925d-927fb2bb1f4d areoi-element center h-100 pe-xl-5\">\r\n\t\t\t\r\n\t\t\t\n\n<h3 class=\"wp-block-heading title mb-5\">EUREKA!!<\/h3>\n\n\n\n<p class=\"mb-5\">La Tina \u00e9s una nena molt entremaliada que sempre es jugar\u00e0 al laboratori del seu avi quan ell no hi \u00e9s\u2026 Un bon dia ell la sorpr\u00e8n jugant entre els seus llibres\u2026 per\u00f2 afortunadament, l&#8217;avi est\u00e0 tan emocionat amb el que acaba de construir al soterrani de la casa, que la Tina s&#8217;escapa d&#8217;una bona renyina.<\/p>\n\n\n\r\n\t\t\t\t\r\n\t\t<a \r\n\t\t\t\r\n\t\t\tclass=\"block-ad1d64ac-a493-422f-9e53-2098b24bfce0 btn areoi-has-url position-relative btn-more btn-outline-dark\"\r\n\t href=\"https:\/\/www.elcaudelunicorn.com\/ca\/espectacles\/#eureka\" >\r\n\t\t\t\t\t\r\n\t\t\t\t\tM\u00c9S INFORMACI\u00d3 \r\n\t\t\t\t\t\r\n\t\t\t\t\t \r\n\t\t\t\t<\/a>\r\n\t\t\t\n\r\n\t\t\t \r\n\t\t<\/div>\r\n\t\n \r\n\t\t\t\r\n\t\t<\/div>\r\n\t\n\n\r\n\t\t<div  class=\"block-5ac350b8-941b-4408-a243-1397dae75e32 col areoi-element order-mobile col-8\">\r\n\t\t\t\r\n\t\t\t\n\r\n\t\t<div  class=\"block-a265f4c7-b7a2-4fa9-94ad-5682c09e2a1c areoi-element box-home2 ps-5 pb-4\">\r\n\t\t\t\r\n\t\t\t\n\n<figure class=\"wp-block-image size-full mb-0\"><img loading=\"lazy\" decoding=\"async\" width=\"1475\" height=\"984\" src=\"https:\/\/www.elcaudelunicorn.com\/wp-content\/uploads\/2023\/12\/Foto-cabecera-obra-EUREKA.jpg\" alt=\"\" class=\"wp-image-327\" srcset=\"https:\/\/www.elcaudelunicorn.com\/wp-content\/uploads\/2023\/12\/Foto-cabecera-obra-EUREKA.jpg 1475w, https:\/\/www.elcaudelunicorn.com\/wp-content\/uploads\/2023\/12\/Foto-cabecera-obra-EUREKA-300x200.jpg 300w, https:\/\/www.elcaudelunicorn.com\/wp-content\/uploads\/2023\/12\/Foto-cabecera-obra-EUREKA-1024x683.jpg 1024w, https:\/\/www.elcaudelunicorn.com\/wp-content\/uploads\/2023\/12\/Foto-cabecera-obra-EUREKA-768x512.jpg 768w\" sizes=\"(max-width: 1475px) 100vw, 1475px\" \/><\/figure>\n\n\r\n\t\t\t \r\n\t\t<\/div>\r\n\t\n \r\n\t\t\t\r\n\t\t<\/div>\r\n\t\n \r\n\t\t<\/div>\r\n\t\n\r\n\t\t\t \r\n\t\t<\/div>\r\n\t\n\n\r\n\t\t<div  class=\"block-854ac734-e9cd-415a-9fea-02243b280e30 areoi-element sep  mb-5\">\r\n\t\t\t\r\n\t\t\t\r\n\t\t\t \r\n\t\t<\/div>\r\n\t\n\n\r\n\t\t<div  class=\"block-eabb3bf1-f1be-412e-b6aa-d66a86157561 areoi-element mb-5\">\r\n\t\t\t\r\n\t\t\t\n\r\n\t\t<div  class=\"block-b11986ef-85f0-4c20-8b3f-90242ab9cbe3 row areoi-element row-mobile row-espec\">\r\n\t\t\t\r\n\r\n\t\t\t\n\r\n\t\t<div  class=\"block-5ac350b8-941b-4408-a243-1397dae75e32 col areoi-element col-8\">\r\n\t\t\t\r\n\t\t\t\n\r\n\t\t<div  class=\"block-a265f4c7-b7a2-4fa9-94ad-5682c09e2a1c areoi-element box-home2 pe-5 pb-4\">\r\n\t\t\t\r\n\t\t\t\n\n<figure class=\"wp-block-image size-full mb-0\"><img loading=\"lazy\" decoding=\"async\" width=\"2560\" height=\"1700\" src=\"https:\/\/www.elcaudelunicorn.com\/wp-content\/uploads\/2023\/12\/Foto-de-cabecera-obra-LA-VIA-LACTEA-scaled.jpg\" alt=\"\" class=\"wp-image-332\" srcset=\"https:\/\/www.elcaudelunicorn.com\/wp-content\/uploads\/2023\/12\/Foto-de-cabecera-obra-LA-VIA-LACTEA-scaled.jpg 2560w, https:\/\/www.elcaudelunicorn.com\/wp-content\/uploads\/2023\/12\/Foto-de-cabecera-obra-LA-VIA-LACTEA-300x199.jpg 300w, https:\/\/www.elcaudelunicorn.com\/wp-content\/uploads\/2023\/12\/Foto-de-cabecera-obra-LA-VIA-LACTEA-1024x680.jpg 1024w, https:\/\/www.elcaudelunicorn.com\/wp-content\/uploads\/2023\/12\/Foto-de-cabecera-obra-LA-VIA-LACTEA-768x510.jpg 768w, https:\/\/www.elcaudelunicorn.com\/wp-content\/uploads\/2023\/12\/Foto-de-cabecera-obra-LA-VIA-LACTEA-1536x1020.jpg 1536w, https:\/\/www.elcaudelunicorn.com\/wp-content\/uploads\/2023\/12\/Foto-de-cabecera-obra-LA-VIA-LACTEA-2048x1360.jpg 2048w\" sizes=\"(max-width: 2560px) 100vw, 2560px\" \/><\/figure>\n\n\r\n\t\t\t \r\n\t\t<\/div>\r\n\t\n \r\n\t\t\t\r\n\t\t<\/div>\r\n\t\n\n\r\n\t\t<div  class=\"block-7b951be3-f2d1-4c9e-8391-267ff617f826 col areoi-element col-4\">\r\n\t\t\t\r\n\t\t\t\n\r\n\t\t<div  class=\"block-17e9124f-3b15-40fb-925d-927fb2bb1f4d areoi-element center h-100 end ps-xl-5\">\r\n\t\t\t\r\n\t\t\t\n\n<h3 class=\"wp-block-heading title mb-5\">LA VIA L\u00e1CTIA<\/h3>\n\n\n\n<p class=\"mb-5\">Argos \u00e9s un planeta ubicat al centre de LA VIA L\u00c0CTEA els habitants del qual tenen una caracter\u00edstica molt curiosa: com m\u00e9s aprenen, m\u00e9s els creix el cap\u2026 A tots menys a un: el nostre protagonista \u00e9s un nen i es diu KARIM.<\/p>\n\n\n\r\n\t\t\t\t\r\n\t\t<a \r\n\t\t\t\r\n\t\t\tclass=\"block-ad1d64ac-a493-422f-9e53-2098b24bfce0 btn areoi-has-url position-relative btn-more btn-outline-dark\"\r\n\t href=\"https:\/\/www.elcaudelunicorn.com\/ca\/espectacles\/#lactea\" >\r\n\t\t\t\t\t\r\n\t\t\t\t\tM\u00c9S INFORMACI\u00d3 \r\n\t\t\t\t\t\r\n\t\t\t\t\t \r\n\t\t\t\t<\/a>\r\n\t\t\t\n\r\n\t\t\t \r\n\t\t<\/div>\r\n\t\n \r\n\t\t\t\r\n\t\t<\/div>\r\n\t\n \r\n\t\t<\/div>\r\n\t\n\r\n\t\t\t \r\n\t\t<\/div>\r\n\t\n\n\r\n\t\t<div  class=\"block-bb6bc7db-1067-4b06-8c73-f74f37f9557c areoi-element py-3\">\r\n\t\t\t\r\n\t\t\t\n\r\n\t\t<div  class=\"block-e3eae3a5-1e49-4c83-b479-680f99849781 areoi-element sep sep-der mb-5 w50 mt-3\">\r\n\t\t\t\r\n\t\t\t\r\n\t\t\t \r\n\t\t<\/div>\r\n\t\n\n\r\n\t\t<div  class=\"block-2a67bfd7-dcdc-4987-bcb6-0d2e7e2d9813 areoi-element mb-5 max-1290\">\r\n\t\t\t\r\n\t\t\t\n\n<p class=\"has-text-align-center lem title title-var my-3\">TRIEM LA T\u00c8CNICA DE LA <strong>LLUM NEGRA<\/strong> PER LA SEVA QUALITAT EST\u00c8TICA<br>I EL FORMAT DE \u201c<strong>MUSICALS DE GRANS MARIONETES I ACTORS EN LLUM NEGRA<\/strong>\u201d<br>Perqu\u00e8 m\u00fasica i can\u00e7ons s\u00f3n un excel\u00b7lent vehicle per ajudar a transmetre les emocions dels personatges<\/p>\n\n\n\n<p class=\"has-text-align-center fs-24 mb-0\">Roser i Dani &#8211; Directors de El Cau de l\u2019Unicorn<\/p>\n\n\r\n\t\t\t \r\n\t\t<\/div>\r\n\t\n\n\r\n\t\t<div  class=\"block-e3c03d10-bb22-44d3-9cb7-decc9609a85e areoi-element sep mb-5 w50\">\r\n\t\t\t\r\n\t\t\t\r\n\t\t\t \r\n\t\t<\/div>\r\n\t\n\r\n\t\t\t \r\n\t\t<\/div>\r\n\t","protected":false},"excerpt":{"rendered":"","protected":false},"author":1,"featured_media":0,"parent":0,"menu_order":0,"comment_status":"closed","ping_status":"closed","template":"","meta":{"footnotes":""},"acf":[],"yoast_head":"<!-- This site is optimized with the Yoast SEO plugin v21.8 - https:\/\/yoast.com\/wordpress\/plugins\/seo\/ -->\n<title>Companyia de Teatre Familiar - El Cau del unicorn<\/title>\n<meta name=\"description\" content=\"Som una companyia de teatre per a tots els p\u00fablics que treballa en totes les fases de la producci\u00f3 teatral. Descobreix-nos aqu\u00ed!\" \/>\n<meta name=\"robots\" content=\"index, follow, max-snippet:-1, max-image-preview:large, max-video-preview:-1\" \/>\n<link rel=\"canonical\" href=\"https:\/\/www.elcaudelunicorn.com\/ca\/\" \/>\n<meta property=\"og:locale\" content=\"ca_ES\" \/>\n<meta property=\"og:type\" content=\"article\" \/>\n<meta property=\"og:title\" content=\"Companyia de Teatre Familiar - El Cau del unicorn\" \/>\n<meta property=\"og:description\" content=\"Som una companyia de teatre per a tots els p\u00fablics que treballa en totes les fases de la producci\u00f3 teatral. Descobreix-nos aqu\u00ed!\" \/>\n<meta property=\"og:url\" content=\"https:\/\/www.elcaudelunicorn.com\/ca\/\" \/>\n<meta property=\"og:site_name\" content=\"El Cau del unicorn\" \/>\n<meta property=\"article:modified_time\" content=\"2024-01-16T10:11:33+00:00\" \/>\n<meta property=\"og:image\" content=\"https:\/\/www.elcaudelunicorn.com\/wp-content\/uploads\/2024\/01\/unilogo.png\" \/>\n<meta name=\"twitter:card\" content=\"summary_large_image\" \/>\n<meta name=\"twitter:label1\" content=\"Temps estimat de lectura\" \/>\n\t<meta name=\"twitter:data1\" content=\"3 minuts\" \/>\n<script type=\"application\/ld+json\" class=\"yoast-schema-graph\">{\"@context\":\"https:\/\/schema.org\",\"@graph\":[{\"@type\":\"WebPage\",\"@id\":\"https:\/\/www.elcaudelunicorn.com\/ca\/\",\"url\":\"https:\/\/www.elcaudelunicorn.com\/ca\/\",\"name\":\"Companyia de Teatre Familiar - El Cau del unicorn\",\"isPartOf\":{\"@id\":\"https:\/\/www.elcaudelunicorn.com\/ca\/#website\"},\"datePublished\":\"2023-11-29T18:33:37+00:00\",\"dateModified\":\"2024-01-16T10:11:33+00:00\",\"description\":\"Som una companyia de teatre per a tots els p\u00fablics que treballa en totes les fases de la producci\u00f3 teatral. Descobreix-nos aqu\u00ed!\",\"breadcrumb\":{\"@id\":\"https:\/\/www.elcaudelunicorn.com\/ca\/#breadcrumb\"},\"inLanguage\":\"ca\",\"potentialAction\":[{\"@type\":\"ReadAction\",\"target\":[\"https:\/\/www.elcaudelunicorn.com\/ca\/\"]}]},{\"@type\":\"BreadcrumbList\",\"@id\":\"https:\/\/www.elcaudelunicorn.com\/ca\/#breadcrumb\",\"itemListElement\":[{\"@type\":\"ListItem\",\"position\":1,\"name\":\"Portada\",\"item\":\"https:\/\/www.elcaudelunicorn.com\/ca\/\"},{\"@type\":\"ListItem\",\"position\":2,\"name\":\"Inici\"}]},{\"@type\":\"WebSite\",\"@id\":\"https:\/\/www.elcaudelunicorn.com\/ca\/#website\",\"url\":\"https:\/\/www.elcaudelunicorn.com\/ca\/\",\"name\":\"El Cau del unicorn\",\"description\":\"\",\"publisher\":{\"@id\":\"https:\/\/www.elcaudelunicorn.com\/ca\/#organization\"},\"potentialAction\":[{\"@type\":\"SearchAction\",\"target\":{\"@type\":\"EntryPoint\",\"urlTemplate\":\"https:\/\/www.elcaudelunicorn.com\/ca\/?s={search_term_string}\"},\"query-input\":\"required name=search_term_string\"}],\"inLanguage\":\"ca\"},{\"@type\":\"Organization\",\"@id\":\"https:\/\/www.elcaudelunicorn.com\/ca\/#organization\",\"name\":\"El Cau del unicorn\",\"url\":\"https:\/\/www.elcaudelunicorn.com\/ca\/\",\"logo\":{\"@type\":\"ImageObject\",\"inLanguage\":\"ca\",\"@id\":\"https:\/\/www.elcaudelunicorn.com\/ca\/#\/schema\/logo\/image\/\",\"url\":\"https:\/\/www.elcaudelunicorn.com\/wp-content\/uploads\/2023\/12\/cropped-unilogo.png\",\"contentUrl\":\"https:\/\/www.elcaudelunicorn.com\/wp-content\/uploads\/2023\/12\/cropped-unilogo.png\",\"width\":390,\"height\":283,\"caption\":\"El Cau del unicorn\"},\"image\":{\"@id\":\"https:\/\/www.elcaudelunicorn.com\/ca\/#\/schema\/logo\/image\/\"}}]}<\/script>\n<!-- \/ Yoast SEO plugin. -->","yoast_head_json":{"title":"Companyia de Teatre Familiar - El Cau del unicorn","description":"Som una companyia de teatre per a tots els p\u00fablics que treballa en totes les fases de la producci\u00f3 teatral. Descobreix-nos aqu\u00ed!","robots":{"index":"index","follow":"follow","max-snippet":"max-snippet:-1","max-image-preview":"max-image-preview:large","max-video-preview":"max-video-preview:-1"},"canonical":"https:\/\/www.elcaudelunicorn.com\/ca\/","og_locale":"ca_ES","og_type":"article","og_title":"Companyia de Teatre Familiar - El Cau del unicorn","og_description":"Som una companyia de teatre per a tots els p\u00fablics que treballa en totes les fases de la producci\u00f3 teatral. Descobreix-nos aqu\u00ed!","og_url":"https:\/\/www.elcaudelunicorn.com\/ca\/","og_site_name":"El Cau del unicorn","article_modified_time":"2024-01-16T10:11:33+00:00","og_image":[{"url":"https:\/\/www.elcaudelunicorn.com\/wp-content\/uploads\/2024\/01\/unilogo.png"}],"twitter_card":"summary_large_image","twitter_misc":{"Temps estimat de lectura":"3 minuts"},"schema":{"@context":"https:\/\/schema.org","@graph":[{"@type":"WebPage","@id":"https:\/\/www.elcaudelunicorn.com\/ca\/","url":"https:\/\/www.elcaudelunicorn.com\/ca\/","name":"Companyia de Teatre Familiar - El Cau del unicorn","isPartOf":{"@id":"https:\/\/www.elcaudelunicorn.com\/ca\/#website"},"datePublished":"2023-11-29T18:33:37+00:00","dateModified":"2024-01-16T10:11:33+00:00","description":"Som una companyia de teatre per a tots els p\u00fablics que treballa en totes les fases de la producci\u00f3 teatral. Descobreix-nos aqu\u00ed!","breadcrumb":{"@id":"https:\/\/www.elcaudelunicorn.com\/ca\/#breadcrumb"},"inLanguage":"ca","potentialAction":[{"@type":"ReadAction","target":["https:\/\/www.elcaudelunicorn.com\/ca\/"]}]},{"@type":"BreadcrumbList","@id":"https:\/\/www.elcaudelunicorn.com\/ca\/#breadcrumb","itemListElement":[{"@type":"ListItem","position":1,"name":"Portada","item":"https:\/\/www.elcaudelunicorn.com\/ca\/"},{"@type":"ListItem","position":2,"name":"Inici"}]},{"@type":"WebSite","@id":"https:\/\/www.elcaudelunicorn.com\/ca\/#website","url":"https:\/\/www.elcaudelunicorn.com\/ca\/","name":"El Cau del unicorn","description":"","publisher":{"@id":"https:\/\/www.elcaudelunicorn.com\/ca\/#organization"},"potentialAction":[{"@type":"SearchAction","target":{"@type":"EntryPoint","urlTemplate":"https:\/\/www.elcaudelunicorn.com\/ca\/?s={search_term_string}"},"query-input":"required name=search_term_string"}],"inLanguage":"ca"},{"@type":"Organization","@id":"https:\/\/www.elcaudelunicorn.com\/ca\/#organization","name":"El Cau del unicorn","url":"https:\/\/www.elcaudelunicorn.com\/ca\/","logo":{"@type":"ImageObject","inLanguage":"ca","@id":"https:\/\/www.elcaudelunicorn.com\/ca\/#\/schema\/logo\/image\/","url":"https:\/\/www.elcaudelunicorn.com\/wp-content\/uploads\/2023\/12\/cropped-unilogo.png","contentUrl":"https:\/\/www.elcaudelunicorn.com\/wp-content\/uploads\/2023\/12\/cropped-unilogo.png","width":390,"height":283,"caption":"El Cau del unicorn"},"image":{"@id":"https:\/\/www.elcaudelunicorn.com\/ca\/#\/schema\/logo\/image\/"}}]}},"_links":{"self":[{"href":"https:\/\/www.elcaudelunicorn.com\/ca\/wp-json\/wp\/v2\/pages\/628"}],"collection":[{"href":"https:\/\/www.elcaudelunicorn.com\/ca\/wp-json\/wp\/v2\/pages"}],"about":[{"href":"https:\/\/www.elcaudelunicorn.com\/ca\/wp-json\/wp\/v2\/types\/page"}],"author":[{"embeddable":true,"href":"https:\/\/www.elcaudelunicorn.com\/ca\/wp-json\/wp\/v2\/users\/1"}],"replies":[{"embeddable":true,"href":"https:\/\/www.elcaudelunicorn.com\/ca\/wp-json\/wp\/v2\/comments?post=628"}],"version-history":[{"count":2,"href":"https:\/\/www.elcaudelunicorn.com\/ca\/wp-json\/wp\/v2\/pages\/628\/revisions"}],"predecessor-version":[{"id":650,"href":"https:\/\/www.elcaudelunicorn.com\/ca\/wp-json\/wp\/v2\/pages\/628\/revisions\/650"}],"wp:attachment":[{"href":"https:\/\/www.elcaudelunicorn.com\/ca\/wp-json\/wp\/v2\/media?parent=628"}],"curies":[{"name":"wp","href":"https:\/\/api.w.org\/{rel}","templated":true}]}}